{"id":22,"date":"2021-03-05T22:23:20","date_gmt":"2021-03-05T22:23:20","guid":{"rendered":"https:\/\/navis.webdev.is\/?page_id=22"},"modified":"2025-08-07T09:46:17","modified_gmt":"2025-08-07T09:46:17","slug":"our-team","status":"publish","type":"page","link":"https:\/\/navis.is\/en\/our-team\/","title":{"rendered":"Our Team"},"content":{"rendered":"<div data-elementor-type=\"wp-page\" data-elementor-id=\"22\" class=\"elementor elementor-22\" data-elementor-post-type=\"page\">\n\t\t\t\t\t\t<section class=\"elementor-section elementor-top-section elementor-element elementor-element-a49baa5 elementor-section-full_width elementor-section-height-default elementor-section-height-default\" data-id=\"a49baa5\" data-element_type=\"section\" data-settings=\"{&quot;background_background&quot;:&quot;classic&quot;}\">\n\t\t\t\t\t\t\t<div class=\"elementor-background-overlay\"><\/div>\n\t\t\t\t\t\t\t<div class=\"elementor-container elementor-column-gap-default\">\n\t\t\t\t\t<div class=\"elementor-column elementor-col-100 elementor-top-column elementor-element elementor-element-bb8db46\" data-id=\"bb8db46\" data-element_type=\"column\">\n\t\t\t<div class=\"elementor-widget-wrap elementor-element-populated\">\n\t\t\t\t\t\t<div class=\"elementor-element elementor-element-accbcb1 elementor-widget elementor-widget-shortcode\" data-id=\"accbcb1\" data-element_type=\"widget\" data-widget_type=\"shortcode.default\">\n\t\t\t\t<div class=\"elementor-widget-container\">\n\t\t\t\t\t\t\t<div class=\"elementor-shortcode\">\t\t<div data-elementor-type=\"section\" data-elementor-id=\"3082\" class=\"elementor elementor-3082\" data-elementor-post-type=\"elementor_library\">\n\t\t\t\t\t<section class=\"elementor-section elementor-top-section elementor-element elementor-element-60757b5 elementor-section-full_width elementor-section-height-min-height elementor-section-items-stretch elementor-section-height-default\" data-id=\"60757b5\" data-element_type=\"section\" data-settings=\"{&quot;background_background&quot;:&quot;classic&quot;}\">\n\t\t\t\t\t\t\t<div class=\"elementor-background-overlay\"><\/div>\n\t\t\t\t\t\t\t<div class=\"elementor-container elementor-column-gap-default\">\n\t\t\t\t\t<div class=\"elementor-column elementor-col-100 elementor-top-column elementor-element elementor-element-16316cb\" data-id=\"16316cb\" data-element_type=\"column\">\n\t\t\t<div class=\"elementor-widget-wrap\">\n\t\t\t\t\t\t\t<\/div>\n\t\t<\/div>\n\t\t\t\t\t<\/div>\n\t\t<\/section>\n\t\t\t\t<\/div>\n\t\t<\/div>\n\t\t\t\t\t\t<\/div>\n\t\t\t\t<\/div>\n\t\t\t\t\t<\/div>\n\t\t<\/div>\n\t\t\t\t\t<\/div>\n\t\t<\/section>\n\t\t\t\t<section class=\"elementor-section elementor-top-section elementor-element elementor-element-247ecff elementor-section-boxed elementor-section-height-default elementor-section-height-default\" data-id=\"247ecff\" data-element_type=\"section\">\n\t\t\t\t\t\t<div class=\"elementor-container elementor-column-gap-wider\">\n\t\t\t\t\t<div class=\"elementor-column elementor-col-100 elementor-top-column elementor-element elementor-element-a76d65d\" data-id=\"a76d65d\" data-element_type=\"column\">\n\t\t\t<div class=\"elementor-widget-wrap elementor-element-populated\">\n\t\t\t\t\t\t<div class=\"elementor-element elementor-element-7f09112 elementor-widget elementor-widget-heading\" data-id=\"7f09112\" data-element_type=\"widget\" data-no-translation=\"\" data-widget_type=\"heading.default\">\n\t\t\t\t<div class=\"elementor-widget-container\">\n\t\t\t\t\t<style>.elementor-element-7f09112{display:none !important}<\/style>\t\t\t\t<\/div>\n\t\t\t\t<\/div>\n\t\t\t\t<div class=\"elementor-element elementor-element-0c9fb34 elementor-widget elementor-widget-heading\" data-id=\"0c9fb34\" data-element_type=\"widget\" data-no-translation=\"\" data-widget_type=\"heading.default\">\n\t\t\t\t<div class=\"elementor-widget-container\">\n\t\t\t\t\t<h2 class=\"elementor-heading-title elementor-size-default\">The People at Navis ehf<\/h2>\t\t\t\t<\/div>\n\t\t\t\t<\/div>\n\t\t\t\t<div class=\"elementor-element elementor-element-efea25f elementor-widget-divider--view-line elementor-widget elementor-widget-divider\" data-id=\"efea25f\" data-element_type=\"widget\" data-widget_type=\"divider.default\">\n\t\t\t\t<div class=\"elementor-widget-container\">\n\t\t\t\t\t\t\t<div class=\"elementor-divider\">\n\t\t\t<span class=\"elementor-divider-separator\">\n\t\t\t\t\t\t<\/span>\n\t\t<\/div>\n\t\t\t\t\t\t<\/div>\n\t\t\t\t<\/div>\n\t\t\t\t\t<\/div>\n\t\t<\/div>\n\t\t\t\t\t<\/div>\n\t\t<\/section>\n\t\t\t\t<section class=\"elementor-section elementor-top-section elementor-element elementor-element-a2ca664 elementor-section-boxed elementor-section-height-default elementor-section-height-default\" data-id=\"a2ca664\" data-element_type=\"section\" data-no-translation=\"\">\n\t\t\t\t\t\t<div class=\"elementor-container elementor-column-gap-wider\">\n\t\t\t\t\t<div class=\"elementor-column elementor-col-50 elementor-top-column elementor-element elementor-element-ff5b268\" data-id=\"ff5b268\" data-element_type=\"column\">\n\t\t\t<div class=\"elementor-widget-wrap elementor-element-populated\">\n\t\t\t\t\t\t<div class=\"elementor-element elementor-element-d232351 elementor-widget__width-initial elementor-widget elementor-widget-image-box\" data-id=\"d232351\" data-element_type=\"widget\" data-no-translation=\"\" data-widget_type=\"image-box.default\">\n\t\t\t\t<div class=\"elementor-widget-container\">\n\t\t\t\t\t<div class=\"elementor-image-box-wrapper\"><div class=\"elementor-image-box-content\"><h5 class=\"elementor-image-box-title\">Hermann Haraldsson<\/h5><p class=\"elementor-image-box-description\"><span>CEO, <span style=\"background-color: rgb(255, 255, 255); color: rgb(52, 64, 78); font-family: Lato, sans-serif; white-space-collapse: collapse; display: inline !important;\">Naval Architect (B.Sc.) and a MBA.<\/span><\/span>\n\nTel: +354  544 2456<br>\nGSM:+354 <span style=\"display: inline !important;\">892 0420<\/span><br>\nEmail: hh<a href=\"mailto:he@navis.is\">@navis.is<\/a><\/p><\/div><\/div>\t\t\t\t<\/div>\n\t\t\t\t<\/div>\n\t\t\t\t\t<\/div>\n\t\t<\/div>\n\t\t\t\t<div class=\"elementor-column elementor-col-50 elementor-top-column elementor-element elementor-element-2cffea0\" data-id=\"2cffea0\" data-element_type=\"column\">\n\t\t\t<div class=\"elementor-widget-wrap elementor-element-populated\">\n\t\t\t\t\t\t<div class=\"elementor-element elementor-element-f50f683 elementor-widget__width-initial elementor-widget elementor-widget-image-box\" data-id=\"f50f683\" data-element_type=\"widget\" data-no-translation=\"\" data-widget_type=\"image-box.default\">\n\t\t\t\t<div class=\"elementor-widget-container\">\n\t\t\t\t\t<div class=\"elementor-image-box-wrapper\"><div class=\"elementor-image-box-content\"><h5 class=\"elementor-image-box-title\">Gl\u00f3d\u00eds Hermannsd\u00f3ttir<\/h5><p class=\"elementor-image-box-description\"><span><span style=\"color: rgb(52, 64, 78); font-family: Lato, sans-serif; white-space-collapse: collapse; background-color: rgb(255, 255, 255); display: inline !important;\">Naval Architect (M.Sc),&nbsp;&nbsp;<\/span><br><\/span>\n\nGSM:+354 696 5933<br>\nEmail: gh<a href=\"mailto:gh@navis.is\">@navis.is<\/a><\/p><\/div><\/div>\t\t\t\t<\/div>\n\t\t\t\t<\/div>\n\t\t\t\t\t<\/div>\n\t\t<\/div>\n\t\t\t\t\t<\/div>\n\t\t<\/section>\n\t\t\t\t<section class=\"elementor-section elementor-top-section elementor-element elementor-element-836ae10 elementor-section-boxed elementor-section-height-default elementor-section-height-default\" data-id=\"836ae10\" data-element_type=\"section\" data-no-translation=\"\">\n\t\t\t\t\t\t<div class=\"elementor-container elementor-column-gap-wider\">\n\t\t\t\t\t<div class=\"elementor-column elementor-col-50 elementor-top-column elementor-element elementor-element-362d055\" data-id=\"362d055\" data-element_type=\"column\">\n\t\t\t<div class=\"elementor-widget-wrap elementor-element-populated\">\n\t\t\t\t\t\t<div class=\"elementor-element elementor-element-2b81b33 elementor-widget__width-initial elementor-widget elementor-widget-image-box\" data-id=\"2b81b33\" data-element_type=\"widget\" data-no-translation=\"\" data-widget_type=\"image-box.default\">\n\t\t\t\t<div class=\"elementor-widget-container\">\n\t\t\t\t\t<div class=\"elementor-image-box-wrapper\"><div class=\"elementor-image-box-content\"><h5 class=\"elementor-image-box-title\">Ingibj\u00f6rg Sigur\u00f0ard\u00f3ttir<\/h5><p class=\"elementor-image-box-description\"><span><span style=\"color: rgb(52, 64, 78); font-family: Lato, sans-serif; white-space-collapse: collapse; background-color: rgb(255, 255, 255); display: inline !important;\">Technical drawer, Bookkeeping.&nbsp;<\/span><br><\/span>\n\nTel: +354 544 2450<br>\nGSM:+354 868 9494<br>\nEmail: <a href=\"mailto:is@navis.is\">is@navis.is<\/a><\/p><\/div><\/div>\t\t\t\t<\/div>\n\t\t\t\t<\/div>\n\t\t\t\t\t<\/div>\n\t\t<\/div>\n\t\t\t\t<div class=\"elementor-column elementor-col-50 elementor-top-column elementor-element elementor-element-3a06f56\" data-id=\"3a06f56\" data-element_type=\"column\">\n\t\t\t<div class=\"elementor-widget-wrap elementor-element-populated\">\n\t\t\t\t\t\t<div class=\"elementor-element elementor-element-4cd46a2 elementor-widget__width-initial elementor-widget elementor-widget-image-box\" data-id=\"4cd46a2\" data-element_type=\"widget\" data-no-translation=\"\" data-widget_type=\"image-box.default\">\n\t\t\t\t<div class=\"elementor-widget-container\">\n\t\t\t\t\t<div class=\"elementor-image-box-wrapper\"><div class=\"elementor-image-box-content\"><h5 class=\"elementor-image-box-title\">Hj\u00f6rtur Emilsson <\/h5><p class=\"elementor-image-box-description\"><span><span style=\"color: rgb(52, 64, 78); font-family: Lato, sans-serif; white-space-collapse: collapse; background-color: rgb(255, 255, 255); display: inline !important;\">Naval Architect (B.Sc),&nbsp;&nbsp;<\/span><br><\/span>\n\nTel: +354 544 2450<br>\nGSM:+354 896 3968<br>\nEmail: he<a href=\"mailto:he@navis.is\">@navis.is<\/a><\/p><\/div><\/div>\t\t\t\t<\/div>\n\t\t\t\t<\/div>\n\t\t\t\t\t<\/div>\n\t\t<\/div>\n\t\t\t\t\t<\/div>\n\t\t<\/section>\n\t\t\t\t<\/div>","protected":false},"excerpt":{"rendered":"<p>The People at Navis ehf Hermann Haraldsson CEO, Naval Architect (B.Sc.) and a MBA. Tel: +354 544 2456 GSM:+354 892 0420 Email: hh@navis.is Gl\u00f3d\u00eds Hermannsd\u00f3ttir Naval Architect (M.Sc),&nbsp;&nbsp; GSM:+354 696 5933 Email: gh@navis.is Ingibj\u00f6rg Sigur\u00f0ard\u00f3ttir Technical drawer, Bookkeeping.&nbsp; Tel: +354 544 2450 GSM:+354 868 9494 Email: is@navis.is Hj\u00f6rtur Emilsson Naval Architect (B.Sc),&nbsp;&nbsp; Tel: +354 544 [&hellip;]<\/p>\n","protected":false},"author":3,"featured_media":0,"parent":0,"menu_order":0,"comment_status":"closed","ping_status":"closed","template":"elementor_header_footer","meta":{"footnotes":""},"class_list":["post-22","page","type-page","status-publish","hentry"],"yoast_head":"<!-- This site is optimized with the Yoast SEO plugin v27.5 - https:\/\/yoast.com\/product\/yoast-seo-wordpress\/ -->\n<title>Our Team - Navis<\/title>\n<meta name=\"robots\" content=\"index, follow, max-snippet:-1, max-image-preview:large, max-video-preview:-1\" \/>\n<link rel=\"canonical\" href=\"https:\/\/navis.is\/en\/our-team\/\" \/>\n<meta property=\"og:locale\" content=\"en_US\" \/>\n<meta property=\"og:type\" content=\"article\" \/>\n<meta property=\"og:title\" content=\"Our Team - Navis\" \/>\n<meta property=\"og:description\" content=\"The People at Navis ehf Hermann Haraldsson CEO, Naval Architect (B.Sc.) and a MBA. Tel: +354 544 2456 GSM:+354 892 0420 Email: hh@navis.is Gl\u00f3d\u00eds Hermannsd\u00f3ttir Naval Architect (M.Sc),&nbsp;&nbsp; GSM:+354 696 5933 Email: gh@navis.is Ingibj\u00f6rg Sigur\u00f0ard\u00f3ttir Technical drawer, Bookkeeping.&nbsp; Tel: +354 544 2450 GSM:+354 868 9494 Email: is@navis.is Hj\u00f6rtur Emilsson Naval Architect (B.Sc),&nbsp;&nbsp; Tel: +354 544 [&hellip;]\" \/>\n<meta property=\"og:url\" content=\"https:\/\/navis.is\/en\/our-team\/\" \/>\n<meta property=\"og:site_name\" content=\"Navis\" \/>\n<meta property=\"article:modified_time\" content=\"2025-08-07T09:46:17+00:00\" \/>\n<meta name=\"twitter:card\" content=\"summary_large_image\" \/>\n<meta name=\"twitter:label1\" content=\"Est. reading time\" \/>\n\t<meta name=\"twitter:data1\" content=\"1 minute\" \/>\n<script type=\"application\/ld+json\" class=\"yoast-schema-graph\">{\"@context\":\"https:\\\/\\\/schema.org\",\"@graph\":[{\"@type\":\"WebPage\",\"@id\":\"https:\\\/\\\/navis.is\\\/our-team\\\/\",\"url\":\"https:\\\/\\\/navis.is\\\/our-team\\\/\",\"name\":\"Our Team - Navis\",\"isPartOf\":{\"@id\":\"https:\\\/\\\/navis.is\\\/#website\"},\"datePublished\":\"2021-03-05T22:23:20+00:00\",\"dateModified\":\"2025-08-07T09:46:17+00:00\",\"breadcrumb\":{\"@id\":\"https:\\\/\\\/navis.is\\\/our-team\\\/#breadcrumb\"},\"inLanguage\":\"en-US\",\"potentialAction\":[{\"@type\":\"ReadAction\",\"target\":[\"https:\\\/\\\/navis.is\\\/our-team\\\/\"]}]},{\"@type\":\"BreadcrumbList\",\"@id\":\"https:\\\/\\\/navis.is\\\/our-team\\\/#breadcrumb\",\"itemListElement\":[{\"@type\":\"ListItem\",\"position\":1,\"name\":\"Home\",\"item\":\"https:\\\/\\\/navis.is\\\/\"},{\"@type\":\"ListItem\",\"position\":2,\"name\":\"Our Team\"}]},{\"@type\":\"WebSite\",\"@id\":\"https:\\\/\\\/navis.is\\\/#website\",\"url\":\"https:\\\/\\\/navis.is\\\/\",\"name\":\"Navis\",\"description\":\"\",\"potentialAction\":[{\"@type\":\"SearchAction\",\"target\":{\"@type\":\"EntryPoint\",\"urlTemplate\":\"https:\\\/\\\/navis.is\\\/?s={search_term_string}\"},\"query-input\":{\"@type\":\"PropertyValueSpecification\",\"valueRequired\":true,\"valueName\":\"search_term_string\"}}],\"inLanguage\":\"en-US\"}]}<\/script>\n<!-- \/ Yoast SEO plugin. -->","yoast_head_json":{"title":"Our Team - Navis","robots":{"index":"index","follow":"follow","max-snippet":"max-snippet:-1","max-image-preview":"max-image-preview:large","max-video-preview":"max-video-preview:-1"},"canonical":"https:\/\/navis.is\/en\/our-team\/","og_locale":"en_US","og_type":"article","og_title":"Our Team - Navis","og_description":"The People at Navis ehf Hermann Haraldsson CEO, Naval Architect (B.Sc.) and a MBA. Tel: +354 544 2456 GSM:+354 892 0420 Email: hh@navis.is Gl\u00f3d\u00eds Hermannsd\u00f3ttir Naval Architect (M.Sc),&nbsp;&nbsp; GSM:+354 696 5933 Email: gh@navis.is Ingibj\u00f6rg Sigur\u00f0ard\u00f3ttir Technical drawer, Bookkeeping.&nbsp; Tel: +354 544 2450 GSM:+354 868 9494 Email: is@navis.is Hj\u00f6rtur Emilsson Naval Architect (B.Sc),&nbsp;&nbsp; Tel: +354 544 [&hellip;]","og_url":"https:\/\/navis.is\/en\/our-team\/","og_site_name":"Navis","article_modified_time":"2025-08-07T09:46:17+00:00","twitter_card":"summary_large_image","twitter_misc":{"Est. reading time":"1 minute"},"schema":{"@context":"https:\/\/schema.org","@graph":[{"@type":"WebPage","@id":"https:\/\/navis.is\/our-team\/","url":"https:\/\/navis.is\/our-team\/","name":"Our Team - Navis","isPartOf":{"@id":"https:\/\/navis.is\/#website"},"datePublished":"2021-03-05T22:23:20+00:00","dateModified":"2025-08-07T09:46:17+00:00","breadcrumb":{"@id":"https:\/\/navis.is\/our-team\/#breadcrumb"},"inLanguage":"en-US","potentialAction":[{"@type":"ReadAction","target":["https:\/\/navis.is\/our-team\/"]}]},{"@type":"BreadcrumbList","@id":"https:\/\/navis.is\/our-team\/#breadcrumb","itemListElement":[{"@type":"ListItem","position":1,"name":"Home","item":"https:\/\/navis.is\/"},{"@type":"ListItem","position":2,"name":"Our Team"}]},{"@type":"WebSite","@id":"https:\/\/navis.is\/#website","url":"https:\/\/navis.is\/","name":"Navis","description":"","potentialAction":[{"@type":"SearchAction","target":{"@type":"EntryPoint","urlTemplate":"https:\/\/navis.is\/?s={search_term_string}"},"query-input":{"@type":"PropertyValueSpecification","valueRequired":true,"valueName":"search_term_string"}}],"inLanguage":"en-US"}]}},"_links":{"self":[{"href":"https:\/\/navis.is\/en\/wp-json\/wp\/v2\/pages\/22","targetHints":{"allow":["GET"]}}],"collection":[{"href":"https:\/\/navis.is\/en\/wp-json\/wp\/v2\/pages"}],"about":[{"href":"https:\/\/navis.is\/en\/wp-json\/wp\/v2\/types\/page"}],"author":[{"embeddable":true,"href":"https:\/\/navis.is\/en\/wp-json\/wp\/v2\/users\/3"}],"replies":[{"embeddable":true,"href":"https:\/\/navis.is\/en\/wp-json\/wp\/v2\/comments?post=22"}],"version-history":[{"count":175,"href":"https:\/\/navis.is\/en\/wp-json\/wp\/v2\/pages\/22\/revisions"}],"predecessor-version":[{"id":3267,"href":"https:\/\/navis.is\/en\/wp-json\/wp\/v2\/pages\/22\/revisions\/3267"}],"wp:attachment":[{"href":"https:\/\/navis.is\/en\/wp-json\/wp\/v2\/media?parent=22"}],"curies":[{"name":"wp","href":"https:\/\/api.w.org\/{rel}","templated":true}]}}