{"id":1553,"date":"2022-06-15T10:04:10","date_gmt":"2022-06-15T10:04:10","guid":{"rendered":"https:\/\/navis.webdev.is\/?page_id=1553"},"modified":"2024-05-08T11:21:50","modified_gmt":"2024-05-08T11:21:50","slug":"eftirlit","status":"publish","type":"page","link":"https:\/\/navis.is\/en\/eftirlit\/","title":{"rendered":"Eftirlit"},"content":{"rendered":"<div data-elementor-type=\"wp-page\" data-elementor-id=\"1553\" class=\"elementor elementor-1553\" data-elementor-post-type=\"page\">\n\t\t\t\t\t\t<section class=\"elementor-section elementor-top-section elementor-element elementor-element-732eb86 elementor-section-full_width elementor-section-height-default elementor-section-height-default\" data-id=\"732eb86\" data-element_type=\"section\" data-settings=\"{&quot;background_background&quot;:&quot;classic&quot;}\">\n\t\t\t\t\t\t\t<div class=\"elementor-background-overlay\"><\/div>\n\t\t\t\t\t\t\t<div class=\"elementor-container elementor-column-gap-default\">\n\t\t\t\t\t<div class=\"elementor-column elementor-col-100 elementor-top-column elementor-element elementor-element-9bd69ab\" data-id=\"9bd69ab\" data-element_type=\"column\">\n\t\t\t<div class=\"elementor-widget-wrap elementor-element-populated\">\n\t\t\t\t\t\t<div class=\"elementor-element elementor-element-89f002c elementor-widget elementor-widget-shortcode\" data-id=\"89f002c\" data-element_type=\"widget\" data-widget_type=\"shortcode.default\">\n\t\t\t\t<div class=\"elementor-widget-container\">\n\t\t\t\t\t\t\t<div class=\"elementor-shortcode\">\t\t<div data-elementor-type=\"section\" data-elementor-id=\"3082\" class=\"elementor elementor-3082\" data-elementor-post-type=\"elementor_library\">\n\t\t\t\t\t<section class=\"elementor-section elementor-top-section elementor-element elementor-element-60757b5 elementor-section-full_width elementor-section-height-min-height elementor-section-items-stretch elementor-section-height-default\" data-id=\"60757b5\" data-element_type=\"section\" data-settings=\"{&quot;background_background&quot;:&quot;classic&quot;}\">\n\t\t\t\t\t\t\t<div class=\"elementor-background-overlay\"><\/div>\n\t\t\t\t\t\t\t<div class=\"elementor-container elementor-column-gap-default\">\n\t\t\t\t\t<div class=\"elementor-column elementor-col-100 elementor-top-column elementor-element elementor-element-16316cb\" data-id=\"16316cb\" data-element_type=\"column\">\n\t\t\t<div class=\"elementor-widget-wrap\">\n\t\t\t\t\t\t\t<\/div>\n\t\t<\/div>\n\t\t\t\t\t<\/div>\n\t\t<\/section>\n\t\t\t\t<\/div>\n\t\t<\/div>\n\t\t\t\t\t\t<\/div>\n\t\t\t\t<\/div>\n\t\t\t\t\t<\/div>\n\t\t<\/div>\n\t\t\t\t\t<\/div>\n\t\t<\/section>\n\t\t\t\t<section class=\"elementor-section elementor-top-section elementor-element elementor-element-ae784a1 elementor-section-content-middle elementor-section-boxed elementor-section-height-default elementor-section-height-default\" data-id=\"ae784a1\" data-element_type=\"section\" data-settings=\"{&quot;background_background&quot;:&quot;classic&quot;}\" data-no-translation=\"\">\n\t\t\t\t\t\t<div class=\"elementor-container elementor-column-gap-no\">\n\t\t\t\t\t<div class=\"elementor-column elementor-col-100 elementor-top-column elementor-element elementor-element-ced4be8\" data-id=\"ced4be8\" data-element_type=\"column\" data-settings=\"{&quot;background_background&quot;:&quot;classic&quot;}\">\n\t\t\t<div class=\"elementor-widget-wrap elementor-element-populated\">\n\t\t\t\t\t\t<div class=\"elementor-element elementor-element-a7365d8 elementor-widget__width-auto elementor-view-default elementor-widget elementor-widget-icon\" data-id=\"a7365d8\" data-element_type=\"widget\" data-no-translation=\"\" data-widget_type=\"icon.default\">\n\t\t\t\t<div class=\"elementor-widget-container\">\n\t\t\t\t\t\t\t<div class=\"elementor-icon-wrapper\">\n\t\t\t<div class=\"elementor-icon\">\n\t\t\t<svg xmlns=\"http:\/\/www.w3.org\/2000\/svg\" height=\"512\" viewbox=\"0 0 512 512\" width=\"512\"><g><path d=\"m424 40h-24v-24a8 8 0 0 0 -8-8h-304a8 8 0 0 0 -8 8v448a8 8 0 0 0 8 8h24v24a8 8 0 0 0 8 8h304a8 8 0 0 0 8-8v-448a8 8 0 0 0 -8-8zm-328 416v-432h288v432zm320 32h-288v-16h264a8 8 0 0 0 8-8v-408h16z\"><\/path><path d=\"m184 88h112a24 24 0 0 0 0-48h-112a24 24 0 0 0 0 48zm0-32h112a8 8 0 0 1 0 16h-112a8 8 0 0 1 0-16z\"><\/path><path d=\"m120 184h56a8 8 0 0 0 8-8v-37.643l19.969-11.411a8 8 0 0 0 -7.938-13.892l-12.031 6.877a8 8 0 0 0 -8-7.931h-56a8 8 0 0 0 -8 8v56a8 8 0 0 0 8 8zm48-16h-40v-24a7.973 7.973 0 0 0 2.343 5.652l8 8a8 8 0 0 0 9.626 1.289l20.031-11.441zm0-40v1.072l-22.664 12.95-3.679-3.679a8 8 0 0 0 -13.657 5.657v-16z\"><\/path><path d=\"m216 128a8 8 0 0 0 8 8h136a8 8 0 0 0 0-16h-136a8 8 0 0 0 -8 8z\"><\/path><path d=\"m360 152h-136a8 8 0 0 0 0 16h136a8 8 0 0 0 0-16z\"><\/path><path d=\"m120 272h56a8 8 0 0 0 8-8v-56a8 8 0 0 0 -8-8h-56a8 8 0 0 0 -8 8v56a8 8 0 0 0 8 8zm8-56h40v40h-40z\"><\/path><path d=\"m360 208h-136a8 8 0 0 0 0 16h136a8 8 0 0 0 0-16z\"><\/path><path d=\"m360 240h-136a8 8 0 0 0 0 16h136a8 8 0 0 0 0-16z\"><\/path><path d=\"m176 360a8 8 0 0 0 8-8v-56a8 8 0 0 0 -8-8h-56a8 8 0 0 0 -8 8v56a8 8 0 0 0 8 8zm-48-56h40v40h-40z\"><\/path><path d=\"m360 296h-136a8 8 0 0 0 0 16h136a8 8 0 0 0 0-16z\"><\/path><path d=\"m360 328h-136a8 8 0 0 0 0 16h136a8 8 0 0 0 0-16z\"><\/path><path d=\"m312 400h-144a8 8 0 0 0 0 16h144a8 8 0 0 0 0-16z\"><\/path><path d=\"m272 424h-64a8 8 0 0 0 0 16h64a8 8 0 0 0 0-16z\"><\/path><\/g><\/svg>\t\t\t<\/div>\n\t\t<\/div>\n\t\t\t\t\t\t<\/div>\n\t\t\t\t<\/div>\n\t\t\t\t<div class=\"elementor-element elementor-element-30d91ab elementor-widget__width-auto elementor-widget-mobile__width-inherit elementor-widget elementor-widget-heading\" data-id=\"30d91ab\" data-element_type=\"widget\" data-no-translation=\"\" data-widget_type=\"heading.default\">\n\t\t\t\t<div class=\"elementor-widget-container\">\n\t\t\t\t\t<h2 class=\"elementor-heading-title elementor-size-default\"><span>Supervision and Survey<\/span><\/h2>\t\t\t\t<\/div>\n\t\t\t\t<\/div>\n\t\t\t\t<div class=\"elementor-element elementor-element-8dffca3 elementor-widget-divider--view-line elementor-widget elementor-widget-divider\" data-id=\"8dffca3\" data-element_type=\"widget\" data-no-translation=\"\" data-widget_type=\"divider.default\">\n\t\t\t\t<div class=\"elementor-widget-container\">\n\t\t\t\t\t\t\t<div class=\"elementor-divider\">\n\t\t\t<span class=\"elementor-divider-separator\">\n\t\t\t\t\t\t<\/span>\n\t\t<\/div>\n\t\t\t\t\t\t<\/div>\n\t\t\t\t<\/div>\n\t\t\t\t<div class=\"elementor-element elementor-element-016a717 elementor-widget elementor-widget-text-editor\" data-id=\"016a717\" data-element_type=\"widget\" data-no-translation=\"\" data-widget_type=\"text-editor.default\">\n\t\t\t\t<div class=\"elementor-widget-container\">\n\t\t\t\t\t\t\t\t\t<p>A large part of NAVIS\u00b4s activities is supervision and survey of all kinds of projects, particularly survey of newbuilding and modifications of ships. Our employees have many years of experience from such work in addition to some of them having previously served as exclusive surveyors for international classification societies for decades. Even though the majority of this experience is connected with fishing vessels of all sorts and sizes, our employees have also conducted surveys on other kinds of seagoing vessels such as the car and passenger ferries sailing in Icelandic waters. NAVIS has been very active doing damage surveys for insurance societies and shipping companies, in additions to off-hire\/on-hire surveys for charter parties and issuance of certification and confirmations in that connection.<\/p>\t\t\t\t\t\t\t\t<\/div>\n\t\t\t\t<\/div>\n\t\t\t\t\t<\/div>\n\t\t<\/div>\n\t\t\t\t\t<\/div>\n\t\t<\/section>\n\t\t\t\t<\/div>","protected":false},"excerpt":{"rendered":"<p>Veigamikill \u00fe\u00e1ttur \u00ed starfi NAVIS er eftirlit me\u00f0 hvers kyns framkv\u00e6mdum, s\u00e9rlega me\u00f0 n\u00fdsm\u00ed\u00f0um og breytingum skipa. Starfsmenn NAVIS hafa margra \u00e1ra reynslu af sl\u00edkum verkum og sumir \u00feeirra hafa um \u00e1ratugaskei\u00f0 starfa\u00f0 sem s\u00e9rlegir sko\u00f0unarmenn fyrir al\u00fej\u00f3\u00f0leg flokkunarf\u00e9l\u00f6g skipa. \u00de\u00f3tt megin\u00fe\u00e1ttur \u00feessarar reynslu tengist fyrst og fremst fiskiskipum af \u00f6llum st\u00e6r\u00f0um og ger\u00f0um, annast [&hellip;]<\/p>\n","protected":false},"author":3,"featured_media":0,"parent":0,"menu_order":0,"comment_status":"closed","ping_status":"closed","template":"elementor_header_footer","meta":{"footnotes":""},"class_list":["post-1553","page","type-page","status-publish","hentry"],"yoast_head":"<!-- This site is optimized with the Yoast SEO plugin v27.5 - https:\/\/yoast.com\/product\/yoast-seo-wordpress\/ -->\n<title>Eftirlit - Navis<\/title>\n<meta name=\"robots\" content=\"index, follow, max-snippet:-1, max-image-preview:large, max-video-preview:-1\" \/>\n<link rel=\"canonical\" href=\"https:\/\/navis.is\/en\/eftirlit\/\" \/>\n<meta property=\"og:locale\" content=\"en_US\" \/>\n<meta property=\"og:type\" content=\"article\" \/>\n<meta property=\"og:title\" content=\"Eftirlit - Navis\" \/>\n<meta property=\"og:description\" content=\"Veigamikill \u00fe\u00e1ttur \u00ed starfi NAVIS er eftirlit me\u00f0 hvers kyns framkv\u00e6mdum, s\u00e9rlega me\u00f0 n\u00fdsm\u00ed\u00f0um og breytingum skipa. Starfsmenn NAVIS hafa margra \u00e1ra reynslu af sl\u00edkum verkum og sumir \u00feeirra hafa um \u00e1ratugaskei\u00f0 starfa\u00f0 sem s\u00e9rlegir sko\u00f0unarmenn fyrir al\u00fej\u00f3\u00f0leg flokkunarf\u00e9l\u00f6g skipa. \u00de\u00f3tt megin\u00fe\u00e1ttur \u00feessarar reynslu tengist fyrst og fremst fiskiskipum af \u00f6llum st\u00e6r\u00f0um og ger\u00f0um, annast [&hellip;]\" \/>\n<meta property=\"og:url\" content=\"https:\/\/navis.is\/en\/eftirlit\/\" \/>\n<meta property=\"og:site_name\" content=\"Navis\" \/>\n<meta property=\"article:modified_time\" content=\"2024-05-08T11:21:50+00:00\" \/>\n<meta name=\"twitter:card\" content=\"summary_large_image\" \/>\n<meta name=\"twitter:label1\" content=\"Est. reading time\" \/>\n\t<meta name=\"twitter:data1\" content=\"2 minutes\" \/>\n<script type=\"application\/ld+json\" class=\"yoast-schema-graph\">{\"@context\":\"https:\\\/\\\/schema.org\",\"@graph\":[{\"@type\":\"WebPage\",\"@id\":\"https:\\\/\\\/navis.is\\\/eftirlit\\\/\",\"url\":\"https:\\\/\\\/navis.is\\\/eftirlit\\\/\",\"name\":\"Eftirlit - Navis\",\"isPartOf\":{\"@id\":\"https:\\\/\\\/navis.is\\\/#website\"},\"datePublished\":\"2022-06-15T10:04:10+00:00\",\"dateModified\":\"2024-05-08T11:21:50+00:00\",\"breadcrumb\":{\"@id\":\"https:\\\/\\\/navis.is\\\/eftirlit\\\/#breadcrumb\"},\"inLanguage\":\"en-US\",\"potentialAction\":[{\"@type\":\"ReadAction\",\"target\":[\"https:\\\/\\\/navis.is\\\/eftirlit\\\/\"]}]},{\"@type\":\"BreadcrumbList\",\"@id\":\"https:\\\/\\\/navis.is\\\/eftirlit\\\/#breadcrumb\",\"itemListElement\":[{\"@type\":\"ListItem\",\"position\":1,\"name\":\"Home\",\"item\":\"https:\\\/\\\/navis.is\\\/\"},{\"@type\":\"ListItem\",\"position\":2,\"name\":\"Eftirlit\"}]},{\"@type\":\"WebSite\",\"@id\":\"https:\\\/\\\/navis.is\\\/#website\",\"url\":\"https:\\\/\\\/navis.is\\\/\",\"name\":\"Navis\",\"description\":\"\",\"potentialAction\":[{\"@type\":\"SearchAction\",\"target\":{\"@type\":\"EntryPoint\",\"urlTemplate\":\"https:\\\/\\\/navis.is\\\/?s={search_term_string}\"},\"query-input\":{\"@type\":\"PropertyValueSpecification\",\"valueRequired\":true,\"valueName\":\"search_term_string\"}}],\"inLanguage\":\"en-US\"}]}<\/script>\n<!-- \/ Yoast SEO plugin. -->","yoast_head_json":{"title":"Eftirlit - Navis","robots":{"index":"index","follow":"follow","max-snippet":"max-snippet:-1","max-image-preview":"max-image-preview:large","max-video-preview":"max-video-preview:-1"},"canonical":"https:\/\/navis.is\/en\/eftirlit\/","og_locale":"en_US","og_type":"article","og_title":"Eftirlit - Navis","og_description":"Veigamikill \u00fe\u00e1ttur \u00ed starfi NAVIS er eftirlit me\u00f0 hvers kyns framkv\u00e6mdum, s\u00e9rlega me\u00f0 n\u00fdsm\u00ed\u00f0um og breytingum skipa. Starfsmenn NAVIS hafa margra \u00e1ra reynslu af sl\u00edkum verkum og sumir \u00feeirra hafa um \u00e1ratugaskei\u00f0 starfa\u00f0 sem s\u00e9rlegir sko\u00f0unarmenn fyrir al\u00fej\u00f3\u00f0leg flokkunarf\u00e9l\u00f6g skipa. \u00de\u00f3tt megin\u00fe\u00e1ttur \u00feessarar reynslu tengist fyrst og fremst fiskiskipum af \u00f6llum st\u00e6r\u00f0um og ger\u00f0um, annast [&hellip;]","og_url":"https:\/\/navis.is\/en\/eftirlit\/","og_site_name":"Navis","article_modified_time":"2024-05-08T11:21:50+00:00","twitter_card":"summary_large_image","twitter_misc":{"Est. reading time":"2 minutes"},"schema":{"@context":"https:\/\/schema.org","@graph":[{"@type":"WebPage","@id":"https:\/\/navis.is\/eftirlit\/","url":"https:\/\/navis.is\/eftirlit\/","name":"Eftirlit - Navis","isPartOf":{"@id":"https:\/\/navis.is\/#website"},"datePublished":"2022-06-15T10:04:10+00:00","dateModified":"2024-05-08T11:21:50+00:00","breadcrumb":{"@id":"https:\/\/navis.is\/eftirlit\/#breadcrumb"},"inLanguage":"en-US","potentialAction":[{"@type":"ReadAction","target":["https:\/\/navis.is\/eftirlit\/"]}]},{"@type":"BreadcrumbList","@id":"https:\/\/navis.is\/eftirlit\/#breadcrumb","itemListElement":[{"@type":"ListItem","position":1,"name":"Home","item":"https:\/\/navis.is\/"},{"@type":"ListItem","position":2,"name":"Eftirlit"}]},{"@type":"WebSite","@id":"https:\/\/navis.is\/#website","url":"https:\/\/navis.is\/","name":"Navis","description":"","potentialAction":[{"@type":"SearchAction","target":{"@type":"EntryPoint","urlTemplate":"https:\/\/navis.is\/?s={search_term_string}"},"query-input":{"@type":"PropertyValueSpecification","valueRequired":true,"valueName":"search_term_string"}}],"inLanguage":"en-US"}]}},"_links":{"self":[{"href":"https:\/\/navis.is\/en\/wp-json\/wp\/v2\/pages\/1553","targetHints":{"allow":["GET"]}}],"collection":[{"href":"https:\/\/navis.is\/en\/wp-json\/wp\/v2\/pages"}],"about":[{"href":"https:\/\/navis.is\/en\/wp-json\/wp\/v2\/types\/page"}],"author":[{"embeddable":true,"href":"https:\/\/navis.is\/en\/wp-json\/wp\/v2\/users\/3"}],"replies":[{"embeddable":true,"href":"https:\/\/navis.is\/en\/wp-json\/wp\/v2\/comments?post=1553"}],"version-history":[{"count":25,"href":"https:\/\/navis.is\/en\/wp-json\/wp\/v2\/pages\/1553\/revisions"}],"predecessor-version":[{"id":3102,"href":"https:\/\/navis.is\/en\/wp-json\/wp\/v2\/pages\/1553\/revisions\/3102"}],"wp:attachment":[{"href":"https:\/\/navis.is\/en\/wp-json\/wp\/v2\/media?parent=1553"}],"curies":[{"name":"wp","href":"https:\/\/api.w.org\/{rel}","templated":true}]}}