{"id":11,"date":"2021-03-05T21:49:50","date_gmt":"2021-03-05T21:49:50","guid":{"rendered":"https:\/\/navis.webdev.is\/?page_id=11"},"modified":"2024-01-10T14:04:06","modified_gmt":"2024-01-10T14:04:06","slug":"services","status":"publish","type":"page","link":"https:\/\/navis.is\/en\/services\/","title":{"rendered":"Services"},"content":{"rendered":"<div data-elementor-type=\"wp-page\" data-elementor-id=\"11\" class=\"elementor elementor-11\" data-elementor-post-type=\"page\">\n\t\t\t\t\t\t<section class=\"elementor-section elementor-top-section elementor-element elementor-element-b2a0b77 elementor-section-full_width elementor-section-height-min-height elementor-section-items-stretch elementor-section-height-default\" data-id=\"b2a0b77\" data-element_type=\"section\" data-settings=\"{&quot;background_background&quot;:&quot;classic&quot;}\">\n\t\t\t\t\t\t\t<div class=\"elementor-background-overlay\"><\/div>\n\t\t\t\t\t\t\t<div class=\"elementor-container elementor-column-gap-default\">\n\t\t\t\t\t<div class=\"elementor-column elementor-col-100 elementor-top-column elementor-element elementor-element-92d9f38\" data-id=\"92d9f38\" data-element_type=\"column\">\n\t\t\t<div class=\"elementor-widget-wrap\">\n\t\t\t\t\t\t\t<\/div>\n\t\t<\/div>\n\t\t\t\t\t<\/div>\n\t\t<\/section>\n\t\t\t\t<section class=\"elementor-section elementor-top-section elementor-element elementor-element-f55307b elementor-section-content-middle elementor-section-boxed elementor-section-height-default elementor-section-height-default\" data-id=\"f55307b\" data-element_type=\"section\" data-settings=\"{&quot;background_background&quot;:&quot;classic&quot;}\" data-no-translation=\"\">\n\t\t\t\t\t\t<div class=\"elementor-container elementor-column-gap-no\">\n\t\t\t\t\t<div class=\"elementor-column elementor-col-100 elementor-top-column elementor-element elementor-element-189ca82\" data-id=\"189ca82\" data-element_type=\"column\" data-settings=\"{&quot;background_background&quot;:&quot;classic&quot;}\">\n\t\t\t<div class=\"elementor-widget-wrap elementor-element-populated\">\n\t\t\t\t\t\t<div class=\"elementor-element elementor-element-427a0a9 elementor-widget__width-auto elementor-view-default elementor-widget elementor-widget-icon\" data-id=\"427a0a9\" data-element_type=\"widget\" data-no-translation=\"\" data-widget_type=\"icon.default\">\n\t\t\t\t<div class=\"elementor-widget-container\">\n\t\t\t\t\t\t\t<div class=\"elementor-icon-wrapper\">\n\t\t\t<div class=\"elementor-icon\">\n\t\t\t<svg xmlns=\"http:\/\/www.w3.org\/2000\/svg\" id=\"Capa_1\" height=\"512\" viewbox=\"0 0 512.001 512.001\" width=\"512\"><g><path d=\"m105.527 92.355c-4.143 0-7.5 3.358-7.5 7.5v6.421c0 4.142 3.357 7.5 7.5 7.5s7.5-3.358 7.5-7.5v-6.421c0-4.143-3.358-7.5-7.5-7.5z\"><\/path><path d=\"m105.527 122.117c-4.143 0-7.5 3.358-7.5 7.5v6.422c0 4.142 3.357 7.5 7.5 7.5s7.5-3.358 7.5-7.5v-6.422c0-4.142-3.358-7.5-7.5-7.5z\"><\/path><path d=\"m74.497 203.571v-6.422c0-4.142-3.357-7.5-7.5-7.5s-7.5 3.358-7.5 7.5v6.422c0 4.142 3.357 7.5 7.5 7.5s7.5-3.358 7.5-7.5z\"><\/path><path d=\"m113.027 203.571v-6.422c0-4.142-3.357-7.5-7.5-7.5s-7.5 3.358-7.5 7.5v6.422c0 4.142 3.357 7.5 7.5 7.5s7.5-3.358 7.5-7.5z\"><\/path><path d=\"m144.057 211.071c4.143 0 7.5-3.358 7.5-7.5v-6.422c0-4.142-3.357-7.5-7.5-7.5s-7.5 3.358-7.5 7.5v6.422c0 4.142 3.357 7.5 7.5 7.5z\"><\/path><path d=\"m504.5 450.313c-33.98 0-36.59-22.689-68.474-28.722 8.507-44.711 39.909-83.63 73.549-114.554 2.276-2.092 3.035-5.365 1.913-8.245-1.123-2.88-3.897-4.776-6.988-4.776h-7.256c0-9.636 0-83.329 0-93.172 0-4.142-3.357-7.5-7.5-7.5-45.811 0-143.428 0-170.114 0-4.143 0-7.5 3.358-7.5 7.5v42.836h-56.078v-140.014l121.959-49.26v44.543h-35.028c-4.143 0-7.5 3.358-7.5 7.5v50.336c0 4.142 3.357 7.5 7.5 7.5h24.952c4.143 0 7.5-3.358 7.5-7.5s-3.357-7.5-7.5-7.5h-17.452v-35.336h70.058v35.336h-22.619c-4.143 0-7.5 3.358-7.5 7.5s3.357 7.5 7.5 7.5h30.119c4.143 0 7.5-3.358 7.5-7.5v-50.336c0-4.142-3.357-7.5-7.5-7.5h-35.029v-50.601l19.794-7.995c3.841-1.551 5.697-5.922 4.146-9.763-1.551-3.84-5.921-5.697-9.763-4.146-32.979 13.32-119.929 48.44-151.136 61.044v-7.742c0-6.157-2.375-11.969-6.688-16.364l-23.795-24.247c-3.964-4.039-9.911-5.264-15.147-3.125-5.238 2.141-8.623 7.181-8.623 12.84v60.552l-22.451 9.068c-3.841 1.551-5.697 5.922-4.146 9.763 1.18 2.92 3.989 4.693 6.957 4.693.935 0 1.886-.176 2.806-.548l16.834-6.799v165.555l-21.674-8.912v-106.31c0-8.778-7.142-15.92-15.92-15.92h-13.891v-78.461c0-8.694-7.073-15.767-15.768-15.767h-21.52v-20.582h7.158c4.143 0 7.5-3.358 7.5-7.5s-3.357-7.5-7.5-7.5h-7.158v-11.132c0-4.142-3.357-7.5-7.5-7.5s-7.5 3.358-7.5 7.5v11.131h-7.157c-4.143 0-7.5 3.358-7.5 7.5s3.357 7.5 7.5 7.5h7.157v20.582h-21.52c-8.693 0-15.767 7.073-15.767 15.767v78.462h-13.89c-8.778 0-15.92 7.142-15.92 15.92v36.467c0 4.142 3.357 7.5 7.5 7.5s7.5-3.358 7.5-7.5v-36.467c0-.507.413-.92.92-.92h117.354c.507 0 .92.413.92.92v100.143l-26.682-10.971c-1.732-.709-3.563-1.069-5.442-1.069h-.001-1.532v-26.802c0-6.761-5.5-12.261-12.261-12.261h-27.357c-6.761 0-12.262 5.5-12.262 12.261v26.802h-33.657v-21.649c0-4.142-3.357-7.5-7.5-7.5s-7.5 3.358-7.5 7.5v21.649h-23.43c-2.477 0-4.793 1.223-6.191 3.267-1.397 2.044-1.696 4.646-.798 6.955l34.009 87.345 2.405 6.188c.713 1.847 1.075 3.772 1.075 5.726v46.83c0 6.359 1.231 12.656 3.575 18.529-8.917 6.343-17.599 11.458-34.075 11.458-4.143 0-7.5 3.357-7.5 7.5s3.357 7.5 7.5 7.5c42.93 0 45.999-30 82.837-30 37.792 0 38.771 30 82.837 30 44.11 0 44.995-30 82.833-30 37.791 0 38.767 30 82.831 30 44.109 0 44.996-30 82.832-30 37.799 0 38.753 30 82.83 30 4.143 0 7.5-3.357 7.5-7.5s-3.357-7.5-7.5-7.5zm-428.76-290.32v-78.462c0-.423.344-.767.767-.767h58.039c.423 0 .768.344.768.767v78.462zm251.39 134.023v-35.336h70.058v35.336zm85.058-35.337h70.057v35.336h-70.057zm70.056-15h-70.057v-35.336h70.057zm-155.114-35.336h70.058v35.336h-70.058zm-15 50.336v35.336h-56.078v-35.336zm-95.332-207.064 21.859 22.274c1.544 1.573 2.395 3.654 2.395 5.858v214.269h-24.254zm-122.211 188.337h21.88v24.063h-21.88zm38.282 39.064c11.404 4.688 51.011 20.972 67.874 27.904 3.375 1.391 6.934 2.096 10.577 2.096h274.573c-13.964 14.096-25.81 28.283-35.364 42.35h-403.894l-28.166-72.35zm205.969 171.297c-37.799 0-38.754-30-82.831-30-44.153 0-44.942 30-82.833 30-37.803 0-38.756-30-82.837-30-16.416 0-27.246 4.393-35.951 9.694-.904-3.137-1.386-6.395-1.386-9.682v-14.77h251.636c4.143 0 7.5-3.357 7.5-7.5s-3.357-7.5-7.5-7.5h-251.636v-17.061c0-2.41-.282-4.794-.84-7.13h389.004c-4.821 8.466-8.597 16.432-11.65 24.19h-94.891c-4.143 0-7.5 3.357-7.5 7.5s3.357 7.5 7.5 7.5h89.819c-1.398 4.91-2.544 9.841-3.427 14.765-43.456.316-44.555 29.994-82.177 29.994z\"><\/path><path d=\"m122.376 485.45c-9.554 0-11.31-9.803-27.067-9.803-15.768 0-17.487 9.803-27.068 9.803-4.143 0-7.5 3.357-7.5 7.5s3.357 7.5 7.5 7.5c15.768 0 17.487-9.803 27.068-9.803 9.425 0 11.439 9.803 27.067 9.803 4.143 0 7.5-3.357 7.5-7.5s-3.357-7.5-7.5-7.5z\"><\/path><path d=\"m283.069 485.45c-9.555 0-11.31-9.803-27.068-9.803-15.806 0-17.449 9.803-27.067 9.803-4.143 0-7.5 3.357-7.5 7.5s3.357 7.5 7.5 7.5c15.766 0 17.487-9.803 27.067-9.803 9.555 0 11.31 9.803 27.068 9.803 4.143 0 7.5-3.357 7.5-7.5s-3.358-7.5-7.5-7.5z\"><\/path><path d=\"m437.064 485.45c-9.425 0-11.439-9.803-27.067-9.803-15.768 0-17.487 9.803-27.068 9.803-4.143 0-7.5 3.357-7.5 7.5s3.357 7.5 7.5 7.5c15.768 0 17.487-9.803 27.068-9.803 9.554 0 11.31 9.803 27.067 9.803 4.143 0 7.5-3.357 7.5-7.5s-3.358-7.5-7.5-7.5z\"><\/path><path d=\"m396.253 338.753h13.743c4.143 0 7.5-3.357 7.5-7.5s-3.357-7.5-7.5-7.5h-13.743c-4.143 0-7.5 3.357-7.5 7.5s3.358 7.5 7.5 7.5z\"><\/path><\/g><\/svg>\t\t\t<\/div>\n\t\t<\/div>\n\t\t\t\t\t\t<\/div>\n\t\t\t\t<\/div>\n\t\t\t\t<div class=\"elementor-element elementor-element-0b7c544 elementor-widget__width-auto elementor-widget-mobile__width-inherit elementor-widget elementor-widget-heading\" data-id=\"0b7c544\" data-element_type=\"widget\" data-no-translation=\"\" data-widget_type=\"heading.default\">\n\t\t\t\t<div class=\"elementor-widget-container\">\n\t\t\t\t\t<h2 class=\"elementor-heading-title elementor-size-default\">Consulting Services<\/h2>\t\t\t\t<\/div>\n\t\t\t\t<\/div>\n\t\t\t\t<div class=\"elementor-element elementor-element-363f48f elementor-widget-divider--view-line elementor-widget elementor-widget-divider\" data-id=\"363f48f\" data-element_type=\"widget\" data-no-translation=\"\" data-widget_type=\"divider.default\">\n\t\t\t\t<div class=\"elementor-widget-container\">\n\t\t\t\t\t\t\t<div class=\"elementor-divider\">\n\t\t\t<span class=\"elementor-divider-separator\">\n\t\t\t\t\t\t<\/span>\n\t\t<\/div>\n\t\t\t\t\t\t<\/div>\n\t\t\t\t<\/div>\n\t\t\t\t<div class=\"elementor-element elementor-element-9c708b4 elementor-widget elementor-widget-text-editor\" data-id=\"9c708b4\" data-element_type=\"widget\" data-no-translation=\"\" data-widget_type=\"text-editor.default\">\n\t\t\t\t<div class=\"elementor-widget-container\">\n\t\t\t\t\t\t\t\t\t<p>NAVIS offers and carries out all kinds of consulting services in engineering , shipbuilding and shipping. The company has led and taken active part in many research activities for i. a. the Icelandic Maritime Administration (IMA) and assisted in forming such and similar projects. NAVIS has conducted pre-contract evalutations and estimates prior to closing contracts; assisted in forming and finalizing tender documentation; led and assisted with contract negotiations and finally carried out post-performance evalutions and cost and payment settlements. The company arranges and conducts inclining tests, carries out stability calculations and takes care of various other technical matters and projects for shipowners, shipbuilders and service units. The tasks are of all kinds and diversified.<\/p>\t\t\t\t\t\t\t\t<\/div>\n\t\t\t\t<\/div>\n\t\t\t\t\t<\/div>\n\t\t<\/div>\n\t\t\t\t\t<\/div>\n\t\t<\/section>\n\t\t\t\t<\/div>","protected":false},"excerpt":{"rendered":"<p>NAVIS b\u00fd\u00f0ur fj\u00f6lbreytta r\u00e1\u00f0gj\u00f6f \u00e1 svi\u00f0i verkfr\u00e6\u00f0i, skipasm\u00ed\u00f0a og \u00fatger\u00f0ar.\u00a0\u00dear \u00e1 me\u00f0al sko\u00f0un og r\u00e1\u00f0gj\u00f6f um val \u00e1 v\u00e9lb\u00fana\u00f0i skipa og h\u00f6nnun vinnslul\u00edna um bor\u00f0. Fyrirt\u00e6ki\u00f0 hefur me\u00f0al annars teki\u00f0 \u00fe\u00e1tt \u00ed og leitt ranns\u00f3knarverkefni \u00e1 vegum Samg\u00f6ngustofu, s\u00e9\u00f0 um lei\u00f0beiningar og mat \u00e1 verkefnum \u00e1\u00f0ur en \u00ed \u00feau er r\u00e1\u00f0ist, undirb\u00fai\u00f0, a\u00f0sto\u00f0a\u00f0 vi\u00f0 og [&hellip;]<\/p>\n","protected":false},"author":3,"featured_media":0,"parent":0,"menu_order":0,"comment_status":"closed","ping_status":"closed","template":"elementor_header_footer","meta":{"footnotes":""},"class_list":["post-11","page","type-page","status-publish","hentry"],"yoast_head":"<!-- This site is optimized with the Yoast SEO plugin v27.5 - https:\/\/yoast.com\/product\/yoast-seo-wordpress\/ -->\n<title>Services - Navis<\/title>\n<meta name=\"robots\" content=\"index, follow, max-snippet:-1, max-image-preview:large, max-video-preview:-1\" \/>\n<link rel=\"canonical\" href=\"https:\/\/navis.is\/en\/services\/\" \/>\n<meta property=\"og:locale\" content=\"en_US\" \/>\n<meta property=\"og:type\" content=\"article\" \/>\n<meta property=\"og:title\" content=\"Services - Navis\" \/>\n<meta property=\"og:description\" content=\"NAVIS b\u00fd\u00f0ur fj\u00f6lbreytta r\u00e1\u00f0gj\u00f6f \u00e1 svi\u00f0i verkfr\u00e6\u00f0i, skipasm\u00ed\u00f0a og \u00fatger\u00f0ar.\u00a0\u00dear \u00e1 me\u00f0al sko\u00f0un og r\u00e1\u00f0gj\u00f6f um val \u00e1 v\u00e9lb\u00fana\u00f0i skipa og h\u00f6nnun vinnslul\u00edna um bor\u00f0. Fyrirt\u00e6ki\u00f0 hefur me\u00f0al annars teki\u00f0 \u00fe\u00e1tt \u00ed og leitt ranns\u00f3knarverkefni \u00e1 vegum Samg\u00f6ngustofu, s\u00e9\u00f0 um lei\u00f0beiningar og mat \u00e1 verkefnum \u00e1\u00f0ur en \u00ed \u00feau er r\u00e1\u00f0ist, undirb\u00fai\u00f0, a\u00f0sto\u00f0a\u00f0 vi\u00f0 og [&hellip;]\" \/>\n<meta property=\"og:url\" content=\"https:\/\/navis.is\/en\/services\/\" \/>\n<meta property=\"og:site_name\" content=\"Navis\" \/>\n<meta property=\"article:modified_time\" content=\"2024-01-10T14:04:06+00:00\" \/>\n<meta name=\"twitter:card\" content=\"summary_large_image\" \/>\n<meta name=\"twitter:label1\" content=\"Est. reading time\" \/>\n\t<meta name=\"twitter:data1\" content=\"1 minute\" \/>\n<script type=\"application\/ld+json\" class=\"yoast-schema-graph\">{\"@context\":\"https:\\\/\\\/schema.org\",\"@graph\":[{\"@type\":\"WebPage\",\"@id\":\"https:\\\/\\\/navis.is\\\/services\\\/\",\"url\":\"https:\\\/\\\/navis.is\\\/services\\\/\",\"name\":\"Services - Navis\",\"isPartOf\":{\"@id\":\"https:\\\/\\\/navis.is\\\/#website\"},\"datePublished\":\"2021-03-05T21:49:50+00:00\",\"dateModified\":\"2024-01-10T14:04:06+00:00\",\"breadcrumb\":{\"@id\":\"https:\\\/\\\/navis.is\\\/services\\\/#breadcrumb\"},\"inLanguage\":\"en-US\",\"potentialAction\":[{\"@type\":\"ReadAction\",\"target\":[\"https:\\\/\\\/navis.is\\\/services\\\/\"]}]},{\"@type\":\"BreadcrumbList\",\"@id\":\"https:\\\/\\\/navis.is\\\/services\\\/#breadcrumb\",\"itemListElement\":[{\"@type\":\"ListItem\",\"position\":1,\"name\":\"Home\",\"item\":\"https:\\\/\\\/navis.is\\\/\"},{\"@type\":\"ListItem\",\"position\":2,\"name\":\"Services\"}]},{\"@type\":\"WebSite\",\"@id\":\"https:\\\/\\\/navis.is\\\/#website\",\"url\":\"https:\\\/\\\/navis.is\\\/\",\"name\":\"Navis\",\"description\":\"\",\"potentialAction\":[{\"@type\":\"SearchAction\",\"target\":{\"@type\":\"EntryPoint\",\"urlTemplate\":\"https:\\\/\\\/navis.is\\\/?s={search_term_string}\"},\"query-input\":{\"@type\":\"PropertyValueSpecification\",\"valueRequired\":true,\"valueName\":\"search_term_string\"}}],\"inLanguage\":\"en-US\"}]}<\/script>\n<!-- \/ Yoast SEO plugin. -->","yoast_head_json":{"title":"Services - Navis","robots":{"index":"index","follow":"follow","max-snippet":"max-snippet:-1","max-image-preview":"max-image-preview:large","max-video-preview":"max-video-preview:-1"},"canonical":"https:\/\/navis.is\/en\/services\/","og_locale":"en_US","og_type":"article","og_title":"Services - Navis","og_description":"NAVIS b\u00fd\u00f0ur fj\u00f6lbreytta r\u00e1\u00f0gj\u00f6f \u00e1 svi\u00f0i verkfr\u00e6\u00f0i, skipasm\u00ed\u00f0a og \u00fatger\u00f0ar.\u00a0\u00dear \u00e1 me\u00f0al sko\u00f0un og r\u00e1\u00f0gj\u00f6f um val \u00e1 v\u00e9lb\u00fana\u00f0i skipa og h\u00f6nnun vinnslul\u00edna um bor\u00f0. Fyrirt\u00e6ki\u00f0 hefur me\u00f0al annars teki\u00f0 \u00fe\u00e1tt \u00ed og leitt ranns\u00f3knarverkefni \u00e1 vegum Samg\u00f6ngustofu, s\u00e9\u00f0 um lei\u00f0beiningar og mat \u00e1 verkefnum \u00e1\u00f0ur en \u00ed \u00feau er r\u00e1\u00f0ist, undirb\u00fai\u00f0, a\u00f0sto\u00f0a\u00f0 vi\u00f0 og [&hellip;]","og_url":"https:\/\/navis.is\/en\/services\/","og_site_name":"Navis","article_modified_time":"2024-01-10T14:04:06+00:00","twitter_card":"summary_large_image","twitter_misc":{"Est. reading time":"1 minute"},"schema":{"@context":"https:\/\/schema.org","@graph":[{"@type":"WebPage","@id":"https:\/\/navis.is\/services\/","url":"https:\/\/navis.is\/services\/","name":"Services - Navis","isPartOf":{"@id":"https:\/\/navis.is\/#website"},"datePublished":"2021-03-05T21:49:50+00:00","dateModified":"2024-01-10T14:04:06+00:00","breadcrumb":{"@id":"https:\/\/navis.is\/services\/#breadcrumb"},"inLanguage":"en-US","potentialAction":[{"@type":"ReadAction","target":["https:\/\/navis.is\/services\/"]}]},{"@type":"BreadcrumbList","@id":"https:\/\/navis.is\/services\/#breadcrumb","itemListElement":[{"@type":"ListItem","position":1,"name":"Home","item":"https:\/\/navis.is\/"},{"@type":"ListItem","position":2,"name":"Services"}]},{"@type":"WebSite","@id":"https:\/\/navis.is\/#website","url":"https:\/\/navis.is\/","name":"Navis","description":"","potentialAction":[{"@type":"SearchAction","target":{"@type":"EntryPoint","urlTemplate":"https:\/\/navis.is\/?s={search_term_string}"},"query-input":{"@type":"PropertyValueSpecification","valueRequired":true,"valueName":"search_term_string"}}],"inLanguage":"en-US"}]}},"_links":{"self":[{"href":"https:\/\/navis.is\/en\/wp-json\/wp\/v2\/pages\/11","targetHints":{"allow":["GET"]}}],"collection":[{"href":"https:\/\/navis.is\/en\/wp-json\/wp\/v2\/pages"}],"about":[{"href":"https:\/\/navis.is\/en\/wp-json\/wp\/v2\/types\/page"}],"author":[{"embeddable":true,"href":"https:\/\/navis.is\/en\/wp-json\/wp\/v2\/users\/3"}],"replies":[{"embeddable":true,"href":"https:\/\/navis.is\/en\/wp-json\/wp\/v2\/comments?post=11"}],"version-history":[{"count":115,"href":"https:\/\/navis.is\/en\/wp-json\/wp\/v2\/pages\/11\/revisions"}],"predecessor-version":[{"id":1663,"href":"https:\/\/navis.is\/en\/wp-json\/wp\/v2\/pages\/11\/revisions\/1663"}],"wp:attachment":[{"href":"https:\/\/navis.is\/en\/wp-json\/wp\/v2\/media?parent=11"}],"curies":[{"name":"wp","href":"https:\/\/api.w.org\/{rel}","templated":true}]}}